{"id":6758,"date":"2021-02-24T18:16:51","date_gmt":"2021-02-24T17:16:51","guid":{"rendered":"https:\/\/digital.nuhorizons.pl\/?page_id=6758"},"modified":"2021-02-24T18:20:43","modified_gmt":"2021-02-24T17:20:43","slug":"vek-medium","status":"publish","type":"page","link":"https:\/\/digital.nuhorizons.pl\/en\/vek-medium\/","title":{"rendered":"VEK MEDIUM"},"content":{"rendered":"<div data-elementor-type=\"wp-page\" data-elementor-id=\"6758\" class=\"elementor elementor-6758\" data-elementor-settings=\"[]\">\n\t\t\t\t\t\t<div class=\"elementor-inner\">\n\t\t\t\t\t\t\t<div class=\"elementor-section-wrap\">\n\t\t\t\t\t\t\t<section class=\"elementor-section elementor-top-section elementor-element elementor-element-91c4a0a elementor-section-boxed elementor-section-height-default elementor-section-height-default qodef-elementor-content-no qodef-content-alignment-no\" data-id=\"91c4a0a\" data-element_type=\"section\">\n\t\t\t\t\t\t<div class=\"elementor-container elementor-column-gap-default\">\n\t\t\t\t\t\t\t<div class=\"elementor-row\">\n\t\t\t\t\t<div class=\"elementor-column elementor-col-100 elementor-top-column elementor-element elementor-element-c353628\" data-id=\"c353628\" data-element_type=\"column\">\n\t\t\t<div class=\"elementor-column-wrap elementor-element-populated\">\n\t\t\t\t\t\t\t<div class=\"elementor-widget-wrap\">\n\t\t\t\t\t\t<div class=\"elementor-element elementor-element-69be907 elementor-widget elementor-widget-text-editor\" data-id=\"69be907\" data-element_type=\"widget\" data-widget_type=\"text-editor.default\">\n\t\t\t\t<div class=\"elementor-widget-container\">\n\t\t\t\t\t\t\t\t<div class=\"elementor-text-editor elementor-clearfix\">\n\t\t\t\t\t<h5>AT VEK PRO STUDIO<\/h5><p style=\"text-align: justify;\">As part of the Medium Studio you receive all the components of the Basic Studio: a filming set equipped with a professional camera, a microphone (lapel or stand), lighting (including a ring light!), a white screen backdrop, and, optionally, a desk and chairs. You may film and use the materials later (the basic set does not include post-production of the materials) or live stream them through any platform of your choice (Facebook, YouTube, Zoom etc.)<\/p><p style=\"text-align: justify;\">Additionally, your materials will be produced using OBS Studio \u2013 software for smooth and professional video recording and live streaming using multimedia (videos, animations, boards, subtitle strips), and two shoot sets. Such a solution will bring diversity to your broadcast, positively impact the viewer\u2019s attention, and allow making a short break so you can have a short rest or check the next part of the lecture without needing to be visible all the time.<\/p><p style=\"text-align: justify;\">Our studio is dedicated for single-person medium close-up shot (from the chest up), medium shot (from the waist up), and cowboy shot (from the knees up). We may also arrange the studio into an office style.<\/p><p style=\"text-align: justify;\">Prior to and during the filming you may use a coordinator who will set up the set, the lighting and the microphone, and will turn on the filming or the live stream, and will prepare and handle the OBS Studio.<\/p><p style=\"text-align: justify;\">Remember that the materials you film may require the post-production process (cutting, montage, colour improvement, adding graphics, animations, music). We would be happy to help you!<\/p><p style=\"text-align: justify;\">Within 4 hours you may hold a rehearsal and the filming itself. Good preparation will reduce the rehearsal time and save your time in the studio.<\/p><h5>\u00a0<\/h5><h5>VEK TAKE AWAY<\/h5><p>Set up a film studio in any place you like! Choose the location and order the medium set with the filming staff. We will arrive at your place and complete the filming \/ transmission at your home, office or any other place.<\/p><p>The place and the right to use it to produce the video are in your charge. We will be delighted to help you select ideal interiors for your project and will take care of the decoration and formalities.<\/p><p><strong>Price of VEK Medium Take Away: PLN 3,000 gross (applies within Warsaw area)<\/strong><\/p><p style=\"text-align: justify;\">The above prices of the sets include 23% VAT.<\/p>\t\t\t\t\t<\/div>\n\t\t\t\t\t\t<\/div>\n\t\t\t\t<\/div>\n\t\t\t\t\t\t<\/div>\n\t\t\t\t\t<\/div>\n\t\t<\/div>\n\t\t\t\t\t\t\t\t<\/div>\n\t\t\t\t\t<\/div>\n\t\t<\/section>\n\t\t\t\t<section class=\"elementor-section elementor-top-section elementor-element elementor-element-81bb194 elementor-section-boxed elementor-section-height-default elementor-section-height-default qodef-elementor-content-no qodef-content-alignment-no\" data-id=\"81bb194\" data-element_type=\"section\" data-settings=\"{&quot;background_background&quot;:&quot;classic&quot;}\">\n\t\t\t\t\t\t<div class=\"elementor-container elementor-column-gap-default\">\n\t\t\t\t\t\t\t<div class=\"elementor-row\">\n\t\t\t\t\t<div class=\"elementor-column elementor-col-100 elementor-top-column elementor-element elementor-element-e34f683\" data-id=\"e34f683\" data-element_type=\"column\">\n\t\t\t<div class=\"elementor-column-wrap elementor-element-populated\">\n\t\t\t\t\t\t\t<div class=\"elementor-widget-wrap\">\n\t\t\t\t\t\t<div class=\"elementor-element elementor-element-69045e1 elementor-widget elementor-widget-boldlab_core_section_title\" data-id=\"69045e1\" data-element_type=\"widget\" data-widget_type=\"boldlab_core_section_title.default\">\n\t\t\t\t<div class=\"elementor-widget-container\">\n\t\t\t<div class=\"qodef-shortcode qodef-m  qodef-section-title qodef-alignment--center\">\n\t\t<h2 class=\"qodef-m-title\" >\n\t\t\t\t\tORDER VEK OR FIND OUT MORE\t\t\t<\/h2>\n\t<\/div>\t\t<\/div>\n\t\t\t\t<\/div>\n\t\t\t\t<div class=\"elementor-element elementor-element-a318785 elementor-widget elementor-widget-boldlab_core_section_title\" data-id=\"a318785\" data-element_type=\"widget\" data-widget_type=\"boldlab_core_section_title.default\">\n\t\t\t\t<div class=\"elementor-widget-container\">\n\t\t\t<div class=\"qodef-shortcode qodef-m  qodef-section-title qodef-alignment--center\">\n\t\t<h4 class=\"qodef-m-title\" >\n\t\t\t\t\tinfo@digital.nuhorizons.pl\t\t\t<\/h4>\n\t<\/div>\t\t<\/div>\n\t\t\t\t<\/div>\n\t\t\t\t<div class=\"elementor-element elementor-element-3dd981e elementor-widget elementor-widget-boldlab_core_section_title\" data-id=\"3dd981e\" data-element_type=\"widget\" data-widget_type=\"boldlab_core_section_title.default\">\n\t\t\t\t<div class=\"elementor-widget-container\">\n\t\t\t<div class=\"qodef-shortcode qodef-m  qodef-section-title qodef-alignment--center\">\n\t\t<h4 class=\"qodef-m-title\" >\n\t\t\t\t\t(+48) 669 724 353\t\t\t<\/h4>\n\t<\/div>\t\t<\/div>\n\t\t\t\t<\/div>\n\t\t\t\t\t\t<\/div>\n\t\t\t\t\t<\/div>\n\t\t<\/div>\n\t\t\t\t\t\t\t\t<\/div>\n\t\t\t\t\t<\/div>\n\t\t<\/section>\n\t\t\t\t\t\t<\/div>\n\t\t\t\t\t\t<\/div>\n\t\t\t\t\t<\/div>","protected":false},"excerpt":{"rendered":"<p>W MINI STUDIO VEK W mini studio VEK przygotujemy dla Ciebie plan nagraniowy wyposa\u017cony w profesjonaln\u0105 kamer\u0119, mikrofon (klapowy lub na statywie), o\u015bwietlenie (w tym ring o\u015bwietleniowy!), bia\u0142e t\u0142o fotograficzne oraz opcjonalnie biurko i krzes\u0142o. Materia\u0142 mo\u017cesz nagra\u0107 i wykorzysta\u0107 p\u00f3\u017aniej (podstawowy pakiet nie zawiera postprodukcji nagranego materia\u0142u) lub streamowa\u0107 na \u017cywo na jedn\u0105 z [&hellip;]<\/p>","protected":false},"author":1,"featured_media":0,"parent":0,"menu_order":0,"comment_status":"closed","ping_status":"closed","template":"page-full-width.php","meta":[],"_links":{"self":[{"href":"https:\/\/digital.nuhorizons.pl\/en\/wp-json\/wp\/v2\/pages\/6758"}],"collection":[{"href":"https:\/\/digital.nuhorizons.pl\/en\/wp-json\/wp\/v2\/pages"}],"about":[{"href":"https:\/\/digital.nuhorizons.pl\/en\/wp-json\/wp\/v2\/types\/page"}],"author":[{"embeddable":true,"href":"https:\/\/digital.nuhorizons.pl\/en\/wp-json\/wp\/v2\/users\/1"}],"replies":[{"embeddable":true,"href":"https:\/\/digital.nuhorizons.pl\/en\/wp-json\/wp\/v2\/comments?post=6758"}],"version-history":[{"count":5,"href":"https:\/\/digital.nuhorizons.pl\/en\/wp-json\/wp\/v2\/pages\/6758\/revisions"}],"predecessor-version":[{"id":6766,"href":"https:\/\/digital.nuhorizons.pl\/en\/wp-json\/wp\/v2\/pages\/6758\/revisions\/6766"}],"wp:attachment":[{"href":"https:\/\/digital.nuhorizons.pl\/en\/wp-json\/wp\/v2\/media?parent=6758"}],"curies":[{"name":"wp","href":"https:\/\/api.w.org\/{rel}","templated":true}]}}