{"id":6875,"date":"2021-03-04T10:24:03","date_gmt":"2021-03-04T09:24:03","guid":{"rendered":"https:\/\/digital.nuhorizons.pl\/?page_id=6875"},"modified":"2021-03-05T13:06:29","modified_gmt":"2021-03-05T12:06:29","slug":"klauzula-informacyjna","status":"publish","type":"page","link":"https:\/\/digital.nuhorizons.pl\/en\/klauzula-informacyjna\/","title":{"rendered":"Klauzula informacyjna"},"content":{"rendered":"<p>Zgodnie z art. 13 ust. 1 i ust. 2 rozporz\u0105dzenia Parlamentu Europejskiego i Rady UE 2016\/679 z dnia 27 kwietnia 2016 r. w sprawie ochrony os\u00f3b fizycznych w zwi\u0105zku z przetwarzaniem danych osobowych i w sprawie swobodnego przep\u0142ywu takich danych oraz uchylenia dyrektywy 95\/46\/WE (dalej: \u201eRODO\u201d), niniejszym informujemy, \u017ce:<br \/>\nAdministratorem danych osobowych jest Nu Horizons sp\u00f3\u0142ka z ograniczon\u0105 odpowiedzialno\u015bci\u0105. z siedzib\u0105 w Warszawie (adres: ul. Wojciecha G\u00f3rskiego 6 lok. 81-82, 00-033 Warszawa), wpisana do rejestru przedsi\u0119biorc\u00f3w KRS pod numerem: 0000263874, posiadaj\u0105ca NIP: 701-00-34-151 i REGON: 140681744 (dalej: \u201eNu Horizons\u201d)<br \/>\nInspektorem Ochrony Danych w Nu Horizons jest Krzysztof Podmag\u00f3rski, z kt\u00f3rym mo\u017cna si\u0119 skontaktowa\u0107 za po\u015brednictwem adresu email: iodo@nuhorizons.pl lub telefonicznie pod numerem telefonu +48 22 370 24 44<br \/>\nDane osobowe przetwarzane b\u0119d\u0105 na podstawie zgody tj. art. 6 ust. 1 lit. a) RODO &#8211; w celu udost\u0119pnienia ebooka oraz przesy\u0142ania na podany adres e-mail materia\u0142\u00f3w i informacji handlowych, marketingowych oraz promocyjnych zwi\u0105zanych z dzia\u0142alno\u015bci\u0105 Nu Horizons<br \/>\nDane osobowe s\u0105 przekazywane dobrowolnie.<br \/>\nDane osobowe pozostawione w serwisie nie zostan\u0105 sprzedane ani udost\u0119pnione osobom trzecim, zgodnie z przepisami Ustawy o ochronie danych osobowych.<br \/>\nDo danych zawartych w formularzu przys\u0142uguje wgl\u0105d osobie fizycznej, kt\u00f3ra je tam umie\u015bci\u0142a. Osoba ta ma r\u00f3wnie\u017c praw do modyfikacji i zaprzestania przetwarzania swoich danych w dowolnym momencie.<br \/>\nDane osobowe b\u0119d\u0105 przechowywane a\u017c do momentu cofni\u0119cia zgody na ich przetwarzanie.<\/p>","protected":false},"excerpt":{"rendered":"<p>Zgodnie z art. 13 ust. 1 i ust. 2 rozporz\u0105dzenia Parlamentu Europejskiego i Rady UE 2016\/679 z dnia 27 kwietnia 2016 r. w sprawie ochrony os\u00f3b fizycznych w zwi\u0105zku z przetwarzaniem danych osobowych i w sprawie swobodnego przep\u0142ywu takich danych oraz uchylenia dyrektywy 95\/46\/WE (dalej: \u201eRODO\u201d), niniejszym informujemy, \u017ce: Administratorem danych osobowych jest Nu Horizons [&hellip;]<\/p>","protected":false},"author":1,"featured_media":0,"parent":0,"menu_order":0,"comment_status":"closed","ping_status":"closed","template":"","meta":[],"_links":{"self":[{"href":"https:\/\/digital.nuhorizons.pl\/en\/wp-json\/wp\/v2\/pages\/6875"}],"collection":[{"href":"https:\/\/digital.nuhorizons.pl\/en\/wp-json\/wp\/v2\/pages"}],"about":[{"href":"https:\/\/digital.nuhorizons.pl\/en\/wp-json\/wp\/v2\/types\/page"}],"author":[{"embeddable":true,"href":"https:\/\/digital.nuhorizons.pl\/en\/wp-json\/wp\/v2\/users\/1"}],"replies":[{"embeddable":true,"href":"https:\/\/digital.nuhorizons.pl\/en\/wp-json\/wp\/v2\/comments?post=6875"}],"version-history":[{"count":2,"href":"https:\/\/digital.nuhorizons.pl\/en\/wp-json\/wp\/v2\/pages\/6875\/revisions"}],"predecessor-version":[{"id":6903,"href":"https:\/\/digital.nuhorizons.pl\/en\/wp-json\/wp\/v2\/pages\/6875\/revisions\/6903"}],"wp:attachment":[{"href":"https:\/\/digital.nuhorizons.pl\/en\/wp-json\/wp\/v2\/media?parent=6875"}],"curies":[{"name":"wp","href":"https:\/\/api.w.org\/{rel}","templated":true}]}}